{"id":6167,"date":"2021-12-06T17:16:26","date_gmt":"2021-12-06T15:16:26","guid":{"rendered":"https:\/\/eloquent-sinoussi.92-119-49-55.plesk.page\/?post_type=product&#038;p=6167"},"modified":"2024-12-10T09:13:55","modified_gmt":"2024-12-10T07:13:55","slug":"carru-box-pacco-degustazione","status":"publish","type":"product","link":"https:\/\/eloquent-sinoussi.92-119-49-55.plesk.page\/?product=carru-box-pacco-degustazione","title":{"rendered":"Carr\u00f9 Box &#8211; Degustazione 6 prodotti tipici"},"content":{"rendered":"<h2>Carr\u00f9 Box | Scoiattolo Rosso<\/h2>\n<p>Contiene cinque diversi prodotti:<\/p>\n<ul>\n<li>una bottiglia da 75cl di vino rosso Dogliani DOCG dell&#8217;azienda agricola <a href=\"https:\/\/www.gallopiemonte.it\/\" target=\"_blank\" rel=\"noopener\">Ivan Gallo di Clavesana<\/a>;<\/li>\n<li>un salame piemontese 350g circa prodotto dal nostro macellaio di fiducia Nicola di Carr\u00f9;<\/li>\n<li>una confezione di tagliolini all&#8217;uovo 500g del pastificio Allemandi di Carr\u00f9, come fatti in casa dalla nonna;<\/li>\n<li>una confezione di ragu&#8217; di salsiccia e Barolo da 180 g, prodotto dall&#8217;azienda Carrucese Langhe Gourmet ideale per accompagnare i tagliolini;<\/li>\n<li>una confezione 0,1 g di zafferano carrucese, coltivato vicino ai nostri noccioleti, dell&#8217;azienda <a href=\"https:\/\/www.zafferu.com\/\" target=\"_blank\" rel=\"noopener\">Zaffer\u00f9<\/a>;<\/li>\n<li>una<a href=\"https:\/\/eloquent-sinoussi.92-119-49-55.plesk.page\/prodotto\/torta-di-nocciole-piemonte-igp\/\" target=\"_blank\" rel=\"noopener\"><strong> torta alle nocciole <\/strong><\/a> 340 g dell&#8217;azienda agricola Scoiattolo Rosso.<\/li>\n<\/ul>\n<p>L&#8217;abbiamo pensata per regalare un sorriso, una coccola durante le festivit\u00e0. Ma anche per stupire, cogliere di sorpresa con un dono inaspettato una persona a cui vuoi bene o che vuoi ringraziare in modo particolare. Un <strong>pacco degustazione con prodotti tipici piemontesi<\/strong> che, in realt\u00e0, \u00e8 molto di pi\u00f9. Il cibo \u00e8 una delle migliori dimostrazioni di affetto che esistono al mondo.<\/p>\n<p>Per questo l&#8217;abbiamo realizzata per tutti i nostri clienti. Per far conoscere meglio il nostro territorio e portare felicit\u00e0.<\/p>\n<p>La proponiamo in 2 soluzioni <strong>Carru&#8217; box completa<\/strong> con 6 prodotti oppure<strong> Carru&#8217; box ridotta<\/strong>\u00a0 senza zafferano.<\/p>\n","protected":false},"excerpt":{"rendered":"<p style=\"text-align: left;\">La<strong> Carr\u00f9 Box<\/strong> \u00e8 una <strong>confezione regalo<\/strong> con <strong>prodotti tipici piemontesi<\/strong> selezionati da noi di Scoiattolo Rosso.<br \/>\nCi tenevamo a realizzare un <strong>pacco degustazione<\/strong> per farti conoscere alcune delle bont\u00e0 genuine coltivate e lavorate nelle campagne locali, proprio come le nostre nocciole che si fregiano della denominazione &#8220;Nocciola Piemonte IGP&#8221;.<\/p>\n<p>La <strong>scatola degustazione<\/strong> contiene cinque prodotti: il vino rosso <em>duset <\/em>(il dolcetto) Dogliani DOCG, un salame piemontese, i tagliolini all&#8217;uovo , il ragu&#8217; di salsiccia, lo zafferano carrucese, la nostra <strong>torta alla nocciola<\/strong>.<\/p>\n<p>Ci siamo tenuti per il dolce, cos\u00ec che all&#8217;ultimo morso tu possa dire: &#8220;che bella idea Scoiattolo Rosso!&#8221;<br \/>\nE adesso tocca a te: regalala\u00a0a qualcuno di cui vuoi prenderti cura.<br \/>\nIl cibo \u00e8 una delle pi\u00f9 vere (e buone) dimostrazioni di affetto.<\/p>\n<p>La proponiamo in due scelte:<\/p>\n<ul>\n<li><strong>completa<\/strong> con 6 prodotti (vino, tagliolini,salame,ragu&#8217;,zafferano,torta di nocciola)<\/li>\n<li><strong>ridotta<\/strong> con 5 prodotti &#8220;senza zafferano&#8221;<\/li>\n<\/ul>\n<p>&nbsp;<\/p>\n<p style=\"text-align: left;\"><strong>\u00a0Prezzo della Carr\u00f9 Box completa:\u00a0 38\u20ac<\/strong><\/p>\n<p><strong>Prezzo Carru&#8217; Box ridotta: 35 \u20ac<\/strong><\/p>\n<p><strong>Offerta 2 Carru&#8217; Box &#8220;complete 71 \u20ac&#8221;\u00a0 oppure &#8220;ridotte 65 \u20ac&#8221;<\/strong><\/p>\n","protected":false},"featured_media":8509,"comment_status":"open","ping_status":"closed","template":"","meta":[],"product_brand":[],"product_cat":[32],"product_tag":[33,34,42],"class_list":{"0":"post-6167","1":"product","2":"type-product","3":"status-publish","4":"has-post-thumbnail","6":"product_cat-confezioni","7":"product_tag-idee-regalo","8":"product_tag-nocciole-piemonte-igp","9":"product_tag-prodotti-piemontesi","10":"product_shipping_class-iva-22","12":"first","13":"instock","14":"taxable","15":"shipping-taxable","16":"purchasable","17":"product-type-variable","18":"has-default-attributes"},"_links":{"self":[{"href":"https:\/\/eloquent-sinoussi.92-119-49-55.plesk.page\/index.php?rest_route=\/wp\/v2\/product\/6167","targetHints":{"allow":["GET"]}}],"collection":[{"href":"https:\/\/eloquent-sinoussi.92-119-49-55.plesk.page\/index.php?rest_route=\/wp\/v2\/product"}],"about":[{"href":"https:\/\/eloquent-sinoussi.92-119-49-55.plesk.page\/index.php?rest_route=\/wp\/v2\/types\/product"}],"replies":[{"embeddable":true,"href":"https:\/\/eloquent-sinoussi.92-119-49-55.plesk.page\/index.php?rest_route=%2Fwp%2Fv2%2Fcomments&post=6167"}],"wp:featuredmedia":[{"embeddable":true,"href":"https:\/\/eloquent-sinoussi.92-119-49-55.plesk.page\/index.php?rest_route=\/wp\/v2\/media\/8509"}],"wp:attachment":[{"href":"https:\/\/eloquent-sinoussi.92-119-49-55.plesk.page\/index.php?rest_route=%2Fwp%2Fv2%2Fmedia&parent=6167"}],"wp:term":[{"taxonomy":"product_brand","embeddable":true,"href":"https:\/\/eloquent-sinoussi.92-119-49-55.plesk.page\/index.php?rest_route=%2Fwp%2Fv2%2Fproduct_brand&post=6167"},{"taxonomy":"product_cat","embeddable":true,"href":"https:\/\/eloquent-sinoussi.92-119-49-55.plesk.page\/index.php?rest_route=%2Fwp%2Fv2%2Fproduct_cat&post=6167"},{"taxonomy":"product_tag","embeddable":true,"href":"https:\/\/eloquent-sinoussi.92-119-49-55.plesk.page\/index.php?rest_route=%2Fwp%2Fv2%2Fproduct_tag&post=6167"}],"curies":[{"name":"wp","href":"https:\/\/api.w.org\/{rel}","templated":true}]}}