{"id":2758,"date":"2019-01-22T09:01:43","date_gmt":"2019-01-22T07:01:43","guid":{"rendered":"https:\/\/eloquent-sinoussi.92-119-49-55.plesk.page\/?post_type=product&#038;p=2758"},"modified":"2025-02-07T10:57:01","modified_gmt":"2025-02-07T08:57:01","slug":"torta-di-nocciole","status":"publish","type":"product","link":"https:\/\/eloquent-sinoussi.92-119-49-55.plesk.page\/?product=torta-di-nocciole","title":{"rendered":"Torta di nocciole"},"content":{"rendered":"<h2 style=\"text-align: left;\">Torta di nocciole | Scoiattolo Rosso<\/h2>\n<p>Partiamo dalla ricetta classica piemontese della <strong>torta Cortemilia<\/strong>, ma per realizzare la <strong>torta di nocciole Scoiattolo Rosso<\/strong> aggiungiamo il nostro personale tocco: la granella di nocciole croccante che produciamo in azienda agricola.<\/p>\n<p>Un dolce goloso da condividere tra grandi e piccini perch\u00e9 ha <strong>pochi ingredienti semplici<\/strong>: <strong> nocciola<\/strong> 33%, <strong>uova<\/strong>, zucchero, aromi, agente lievitante.<\/p>\n<p>Essendo un <strong>prodotto artigianale<\/strong>, ti consigliamo di consumarlo entro la data di scadenza riportata sulla confezione, perch\u00e9 contiene solo materie prime fresche, genuine, e <strong>non ha additivi o conservanti<\/strong>.<\/p>\n<p>Per questo motivo, ti consigliamo anche di conservarla in dispensa lontana dalla luce diretta del sole e da altre fonti di calore, cos\u00ec da non alterarne il gusto.<\/p>\n<p>La <strong>torta di nocciole Piemonte IGP<\/strong> \u00e8 ideale per 6-8 persone. Vuoi stupire e deliziare i tuoi ospiti? Prepara in casa una crema zabaglione tradizionale e servila tiepida insieme a una fetta di torta.<\/p>\n<p>&nbsp;<\/p>\n<p><strong>Peso netto:<\/strong> 340gr<br \/>\nSu richiesta \u00e8 possibile ordinare anche una torta di nocciole Piemonte IGP da 680gr.<\/p>\n<p><a href=\"https:\/\/eloquent-sinoussi.92-119-49-55.plesk.page\/wp-content\/uploads\/2022\/09\/tabella-nutrizionale-torta-di-nocciola.pdf\">Tabella nutrizionale torta alla nocciola<\/a><\/p>\n","protected":false},"excerpt":{"rendered":"<p style=\"text-align: left;\">Vuoi iniziare bene la giornata o cerchi il dolce perfetto per i pranzi in famiglia? Prova la <strong>torta di nocciole Scoiattolo Rosso<\/strong>. Un dessert morbido che segue la ricetta tradizionale della <strong>torta Cortemilia<\/strong>, poi ricoperta con una croccante <strong>granella di nocciole<\/strong> che coltiviamo a Carr\u00f9 (CN), la &#8220;porta delle Langhe&#8221;.<\/p>\n<p>Un dolce che sa di autunno, sole tiepido e momenti indimenticabili con le persone a cui vuoi bene. Abbinalo con una crema zabaglione tradizionale o con un t\u00e8 caldo a met\u00e0 pomeriggio. Ideale anche da portare in dono, per ringraziare dell&#8217;ospitalit\u00e0.<\/p>\n<p>La<strong> confezione da 340gr<\/strong> \u00e8 da considerarsi per 6-8 persone.<br \/>\nSu richiesta possiamo produrre anche il formato da 680gr per famiglie numerose o occasioni speciali da festeggiare. <a href=\"https:\/\/eloquent-sinoussi.92-119-49-55.plesk.page\/contatti-azienda-agricola-vendita-nocciole\/\" target=\"_blank\" rel=\"noopener\">Scrivici per saperne di pi\u00f9<\/a>.<\/p>\n<p><strong>TORTA DI NOCCIOLE 340gr:\u00a0\u00a0<\/strong>8,80\u20ac<\/p>\n<p>Acquista almeno 3 torte e risparmi <strong>0,40\u20ac<\/strong> a pezzo (risparmio 7% )<\/p>\n<p>Acquista almeno 6 torte e risparmi <strong>0,80<\/strong><strong>\u20ac<\/strong> a pezzo (risparmio 13%)<\/p>\n","protected":false},"featured_media":11000,"comment_status":"open","ping_status":"closed","template":"","meta":[],"product_brand":[],"product_cat":[30],"product_tag":[33,34,42],"class_list":{"0":"post-2758","1":"product","2":"type-product","3":"status-publish","4":"has-post-thumbnail","6":"product_cat-dolcezze-alla-nocciola","7":"product_tag-idee-regalo","8":"product_tag-nocciole-piemonte-igp","9":"product_tag-prodotti-piemontesi","10":"product_shipping_class-iva-22","12":"first","13":"instock","14":"taxable","15":"shipping-taxable","16":"purchasable","17":"product-type-variable","18":"has-default-attributes"},"_links":{"self":[{"href":"https:\/\/eloquent-sinoussi.92-119-49-55.plesk.page\/index.php?rest_route=\/wp\/v2\/product\/2758","targetHints":{"allow":["GET"]}}],"collection":[{"href":"https:\/\/eloquent-sinoussi.92-119-49-55.plesk.page\/index.php?rest_route=\/wp\/v2\/product"}],"about":[{"href":"https:\/\/eloquent-sinoussi.92-119-49-55.plesk.page\/index.php?rest_route=\/wp\/v2\/types\/product"}],"replies":[{"embeddable":true,"href":"https:\/\/eloquent-sinoussi.92-119-49-55.plesk.page\/index.php?rest_route=%2Fwp%2Fv2%2Fcomments&post=2758"}],"wp:featuredmedia":[{"embeddable":true,"href":"https:\/\/eloquent-sinoussi.92-119-49-55.plesk.page\/index.php?rest_route=\/wp\/v2\/media\/11000"}],"wp:attachment":[{"href":"https:\/\/eloquent-sinoussi.92-119-49-55.plesk.page\/index.php?rest_route=%2Fwp%2Fv2%2Fmedia&parent=2758"}],"wp:term":[{"taxonomy":"product_brand","embeddable":true,"href":"https:\/\/eloquent-sinoussi.92-119-49-55.plesk.page\/index.php?rest_route=%2Fwp%2Fv2%2Fproduct_brand&post=2758"},{"taxonomy":"product_cat","embeddable":true,"href":"https:\/\/eloquent-sinoussi.92-119-49-55.plesk.page\/index.php?rest_route=%2Fwp%2Fv2%2Fproduct_cat&post=2758"},{"taxonomy":"product_tag","embeddable":true,"href":"https:\/\/eloquent-sinoussi.92-119-49-55.plesk.page\/index.php?rest_route=%2Fwp%2Fv2%2Fproduct_tag&post=2758"}],"curies":[{"name":"wp","href":"https:\/\/api.w.org\/{rel}","templated":true}]}}