{"id":2338,"date":"2018-08-21T07:11:48","date_gmt":"2018-08-21T05:11:48","guid":{"rendered":"https:\/\/eloquent-sinoussi.92-119-49-55.plesk.page\/?post_type=product&#038;p=2338"},"modified":"2025-02-07T10:55:20","modified_gmt":"2025-02-07T08:55:20","slug":"miele-di-acacia-apicoltura","status":"publish","type":"product","link":"https:\/\/eloquent-sinoussi.92-119-49-55.plesk.page\/?product=miele-di-acacia-apicoltura","title":{"rendered":"Miele di acacia | Apicoltura Scoiattolo Rosso"},"content":{"rendered":"<h2>Miele di acacia | Apicoltura Scoiattolo Rosso<\/h2>\n<p><strong>Miele di acacia <\/strong>o robinia di nostra produzione. La raccolta avviene solitamente nel mese di maggio, salvo gelate tardive che ne rovinano la fioritura, come accaduto nel 2014 e nel 2017.<\/p>\n<h3>Le caratteristiche del miele di acacia<\/h3>\n<h4>Che cos\u2019\u00e8 la robinia?<\/h4>\n<p>La <strong><a href=\"https:\/\/it.wikipedia.org\/wiki\/Robinia_pseudoacacia\" target=\"_blank\" rel=\"noopener\">robinia<\/a> (o acacia)<\/strong> \u00e8 una pianta a portamento arbustivo o arboreo, appartenente alla famiglia delle leguminose, che pu\u00f2 raggiungere i 20 metri d\u2019altezza.<\/p>\n<p>Fu importata in Europa, dal Nord America, all\u2019inizio del XVII secolo da Jean Robin, erborista del re Enrico IV di Francia. Da qui il suo nome. In Italia apparve alla fine del XVIII secolo, prima come pianta ornamentale, poi per rassodare i terreni e gli argini delle strade e delle ferrovie.<\/p>\n<p>Nell\u2019antichit\u00e0, il <strong>miele di acacia<\/strong> veniva impiegato come <strong>dolcificante<\/strong>, molto prima della scoperta dello zucchero. La sua sostituibilit\u00e0 al saccarosio e fruttosio \u00e8 la sua peculiarit\u00e0 principale ancora oggi.<\/p>\n<p>Le <strong>caratteristiche principali del nostro miele di acacia<\/strong> sono il suo colore chiaro e limpido e il sapore dolcissimo.<\/p>\n<p>Rientra nella tipologia dei <strong>mieli delicati<\/strong>. Pi\u00f9 si presenta chiaro, pi\u00f9 \u00e8 puro. In caso di presenza di altre fioriture, il colore pu\u00f2 essere pi\u00f9 paglierino. Questo per\u00f2 non preclude la bont\u00e0 del prodotto, anzi: spesso \u00e8 un fattore di <strong>artigianalit\u00e0 nella lavorazione<\/strong>.<\/p>\n<h3>Propriet\u00e0 e benefici<\/h3>\n<p>Quando grezzo, \u00e8 un ottimo<strong style=\"font-style: inherit;\">\u00a0energizzante naturale<\/strong>, in quanto ricco di enzimi e fruttosio facilmente assimilabili dall\u2019organismo. Inoltre, la tradizione popolare attribuisce al <strong>miele di acacia<\/strong> <strong>propriet\u00e0<\/strong>\u00a0<strong style=\"font-style: inherit;\">detossificanti per il fegato<\/strong>\u00a0ed effetti leggermente\u00a0lassativi.<\/p>\n","protected":false},"excerpt":{"rendered":"<p>Produciamo il nostro <strong>miele di acacia o robinia<\/strong> nel mese di maggio, salvo gelate primaverili, in una zona tra le colline della Langa (CN) e le Alpi Marittime.<\/p>\n<p>A seconda delle annate il miele di acacia potrebbe essere leggermente pi\u00f9 scuro e rossiccio, perch\u00e9 le api, non trovando abbastanza nettare di robinia lo hanno mischiato con altri nettari presenti in quel periodo. Le <strong>caratteristiche organolettiche<\/strong> non sono tuttavia alterate: i profumi e i sapori sono quelli dolci e intensi, tipici del miele di acacia.<\/p>\n<p>Il nostro \u00e8 un <strong>prodotto artigianale<\/strong>, quindi non standard, ma con piccole variazioni di anno in anno. Questo significa per noi salvaguardare <a href=\"https:\/\/eloquent-sinoussi.92-119-49-55.plesk.page\/azienda-agricola-sostenibile-scoiattolo\/\" target=\"_blank\" rel=\"noopener\"><strong>biodiversit\u00e0 e sostenibilit\u00e0<\/strong><\/a>, seguire i ritmi e le regole della natura, per garantire sempre <strong>prodotti autentici<\/strong>, dai sapori veri.<\/p>\n<p>Tra le <strong>propriet\u00e0 e i benefici del miele di acacia<\/strong> la sua capacit\u00e0 energizzante, in maniera naturale, e la sua azione <strong>detossificante sul fegato<\/strong>, perfetta per i periodi post festivit\u00e0, dove c&#8217;\u00e8 pi\u00f9 bisogno di riequilibrare l&#8217;organismo e seguire un regime alimentare depurativo.<\/p>\n<p>Provalo sul pane con la nostra<a href=\"https:\/\/eloquent-sinoussi.92-119-49-55.plesk.page\/prodotto\/pasta-di-nocciole-piemonte-igp\/\" target=\"_blank\" rel=\"noopener\"> pasta di nocciola<\/a><\/p>\n<p>\u00c8 disponibile in due formati diversi:<\/p>\n<ul>\n<li><strong>Barattolo da 500g: <\/strong>8,90\u20ac<\/li>\n<li><strong>Barattolo da 1kg: <\/strong>16,50\u20ac<\/li>\n<\/ul>\n","protected":false},"featured_media":10999,"comment_status":"open","ping_status":"closed","template":"","meta":[],"product_brand":[],"product_cat":[28],"product_tag":[33,40,41,42],"class_list":{"0":"post-2338","1":"product","2":"type-product","3":"status-publish","4":"has-post-thumbnail","6":"product_cat-miele-naturale-italiano","7":"product_tag-idee-regalo","8":"product_tag-miele-italiano","9":"product_tag-miele-naturale","10":"product_tag-prodotti-piemontesi","11":"product_shipping_class-iva-22","13":"first","14":"instock","15":"taxable","16":"shipping-taxable","17":"purchasable","18":"product-type-variable","19":"has-default-attributes"},"_links":{"self":[{"href":"https:\/\/eloquent-sinoussi.92-119-49-55.plesk.page\/index.php?rest_route=\/wp\/v2\/product\/2338","targetHints":{"allow":["GET"]}}],"collection":[{"href":"https:\/\/eloquent-sinoussi.92-119-49-55.plesk.page\/index.php?rest_route=\/wp\/v2\/product"}],"about":[{"href":"https:\/\/eloquent-sinoussi.92-119-49-55.plesk.page\/index.php?rest_route=\/wp\/v2\/types\/product"}],"replies":[{"embeddable":true,"href":"https:\/\/eloquent-sinoussi.92-119-49-55.plesk.page\/index.php?rest_route=%2Fwp%2Fv2%2Fcomments&post=2338"}],"wp:featuredmedia":[{"embeddable":true,"href":"https:\/\/eloquent-sinoussi.92-119-49-55.plesk.page\/index.php?rest_route=\/wp\/v2\/media\/10999"}],"wp:attachment":[{"href":"https:\/\/eloquent-sinoussi.92-119-49-55.plesk.page\/index.php?rest_route=%2Fwp%2Fv2%2Fmedia&parent=2338"}],"wp:term":[{"taxonomy":"product_brand","embeddable":true,"href":"https:\/\/eloquent-sinoussi.92-119-49-55.plesk.page\/index.php?rest_route=%2Fwp%2Fv2%2Fproduct_brand&post=2338"},{"taxonomy":"product_cat","embeddable":true,"href":"https:\/\/eloquent-sinoussi.92-119-49-55.plesk.page\/index.php?rest_route=%2Fwp%2Fv2%2Fproduct_cat&post=2338"},{"taxonomy":"product_tag","embeddable":true,"href":"https:\/\/eloquent-sinoussi.92-119-49-55.plesk.page\/index.php?rest_route=%2Fwp%2Fv2%2Fproduct_tag&post=2338"}],"curies":[{"name":"wp","href":"https:\/\/api.w.org\/{rel}","templated":true}]}}