{"id":1713,"date":"2018-01-29T08:02:31","date_gmt":"2018-01-29T06:02:31","guid":{"rendered":"https:\/\/eloquent-sinoussi.92-119-49-55.plesk.page\/?post_type=product&#038;p=1713"},"modified":"2024-11-03T18:51:37","modified_gmt":"2024-11-03T16:51:37","slug":"bomboniere-gastronomiche-originali","status":"publish","type":"product","link":"https:\/\/eloquent-sinoussi.92-119-49-55.plesk.page\/?product=bomboniere-gastronomiche-originali","title":{"rendered":"Bomboniere gastronomiche originali"},"content":{"rendered":"<h2>Bomboniere enogastronomiche Piemonte | Scoiattolo Rosso<\/h2>\n<p>Quando cuciniamo o compriamo del cibo per qualcuno, lo facciamo con un <em>certo <\/em>sentimento d&#8217;affetto. Lo facciamo per prendercene cura. Ecco perch\u00e9 realizzare delle <strong>bomboniere gastronomiche originali<\/strong> per i nostri invitati, non \u00e8 solo un gesto di ringraziamento, ma un messaggio di benevolenza e stima profonda. Stiamo dicendo loro: &#8220;mi prendo cura di te&#8221;.<\/p>\n<p><strong>Scoiattolo Rosso<\/strong> ti aiuta a farlo <strong>in modo dolce e sostenibile<\/strong>, con prodotti a base solo di &#8221; <strong>nocciola Piemonte IGP&#8221;<\/strong> o <strong>miele naturale italiano<\/strong>. Per esempio, puoi personalizzare le tue bomboniere con: <a href=\"https:\/\/eloquent-sinoussi.92-119-49-55.plesk.page\/prodotto\/nocciola-piemonte-igp-tostata\/\" target=\"_blank\" rel=\"noopener\">nocciole sgusciate e tostate<\/a>, <a href=\"https:\/\/eloquent-sinoussi.92-119-49-55.plesk.page\/prodotto\/crema-di-cioccolato-e-nocciole\/\" target=\"_blank\" rel=\"noopener\">creme spalmabili al cioccolato<\/a>, <a href=\"https:\/\/eloquent-sinoussi.92-119-49-55.plesk.page\/prodotto\/miele-millefiori-scuro\/\" target=\"_blank\" rel=\"noopener\">miele millefiori scuro<\/a>, di <a href=\"https:\/\/eloquent-sinoussi.92-119-49-55.plesk.page\/prodotto\/miele-di-acacia-o-robinia\/\" target=\"_blank\" rel=\"noopener\">acacia (robinia)<\/a> o <a href=\"https:\/\/eloquent-sinoussi.92-119-49-55.plesk.page\/prodotto\/miele-di-castagno-italiano\/\" target=\"_blank\" rel=\"noopener\">di castagno<\/a>, <a href=\"https:\/\/eloquent-sinoussi.92-119-49-55.plesk.page\/prodotto\/miele-alla-nocciola-piemonte-igp\/\" target=\"_blank\" rel=\"noopener\">miele alla nocciola<\/a> o con i nostri <a href=\"https:\/\/eloquent-sinoussi.92-119-49-55.plesk.page\/prodotto\/nocciolatini-cacao-fondente-nocciola\/\" target=\"_blank\" rel=\"noopener\">golosissimi nocciolatini<\/a>.<\/p>\n<p>Una volta scelte le leccornie, non ti resta che pensare alla confezione, completamente personalizzabile a seconda del tema della tua cerimonia. Collaboriamo con <a href=\"https:\/\/www.pupicake.it\/bomboniere\/\" target=\"_blank\" rel=\"noopener\">PupiCake<\/a>.<\/p>\n<p>A te piacerebbe ricevere in dono una <strong>bomboniera gastronomica<\/strong>, invece del solito soprammobile di ceramica che non sai pi\u00f9 dove mettere? Se la risposta \u00e8 s\u00ec, <a href=\"https:\/\/eloquent-sinoussi.92-119-49-55.plesk.page\/contatti-azienda-agricola-vendita-nocciole\/\" target=\"_blank\" rel=\"noopener\">contattaci<\/a> subito. Realizzeremo insieme un dono di cui i tuoi invitati saranno grati.<\/p>\n","protected":false},"excerpt":{"rendered":"<p>Stai cercando delle <strong>idee per bomboniere gastronomiche originali<\/strong>? Per battesimi, comunioni, cresime, matrimoni o lauree Scoiattolo Rosso ti propone soluzioni personalizzabili solo con &#8220;nocciola Piemonte IGP&#8221;, creme spalmabili al cioccolato o miele naturale italiano.<\/p>\n<h2>Perch\u00e9 scegliere <strong>bomboniere gastronomiche originali<\/strong>?<\/h2>\n<p>&#8211; <strong>sono originali e personalizzabili<\/strong>: scegli tu come comporle e confezionarle, in base al tema della cerimonia;<br \/>\n&#8211; <strong>sono sostenibili<\/strong>: prodotti naturali che rispettano il ritmo della natura e l&#8217;ambiente;<br \/>\n&#8211; <strong>sono utili<\/strong>: i tuoi invitati saranno felici di riceverle in dono e poterle assaporare, non come i soliti soprammobili.<\/p>\n<p><a href=\"https:\/\/scoiattolo.gdsystem.it\/contatti-azienda-agricola-vendita-nocciole\/\" target=\"_blank\" rel=\"noopener\">Contattaci<\/a> per conoscere le nostre proposte o realizzare insieme qualcosa di completamente su misura per te.<\/p>\n<p><strong>Prezzo: <\/strong>a partire da 5 euro\/pezzo per vaso da 180 g, possibilita&#8217; di personalizzare anche vaso da 250g<\/p>\n<p>&nbsp;<\/p>\n","protected":false},"featured_media":7538,"comment_status":"open","ping_status":"closed","template":"","meta":[],"product_brand":[],"product_cat":[32],"product_tag":[37,39,33,40,34],"class_list":{"0":"post-1713","1":"product","2":"type-product","3":"status-publish","4":"has-post-thumbnail","6":"product_cat-confezioni","7":"product_tag-bomboniere-gastronomiche","8":"product_tag-creme-spalmabili","9":"product_tag-idee-regalo","10":"product_tag-miele-italiano","11":"product_tag-nocciole-piemonte-igp","13":"first","14":"instock","15":"taxable","16":"shipping-taxable","17":"purchasable","18":"product-type-variable","19":"has-default-attributes"},"_links":{"self":[{"href":"https:\/\/eloquent-sinoussi.92-119-49-55.plesk.page\/index.php?rest_route=\/wp\/v2\/product\/1713","targetHints":{"allow":["GET"]}}],"collection":[{"href":"https:\/\/eloquent-sinoussi.92-119-49-55.plesk.page\/index.php?rest_route=\/wp\/v2\/product"}],"about":[{"href":"https:\/\/eloquent-sinoussi.92-119-49-55.plesk.page\/index.php?rest_route=\/wp\/v2\/types\/product"}],"replies":[{"embeddable":true,"href":"https:\/\/eloquent-sinoussi.92-119-49-55.plesk.page\/index.php?rest_route=%2Fwp%2Fv2%2Fcomments&post=1713"}],"wp:featuredmedia":[{"embeddable":true,"href":"https:\/\/eloquent-sinoussi.92-119-49-55.plesk.page\/index.php?rest_route=\/wp\/v2\/media\/7538"}],"wp:attachment":[{"href":"https:\/\/eloquent-sinoussi.92-119-49-55.plesk.page\/index.php?rest_route=%2Fwp%2Fv2%2Fmedia&parent=1713"}],"wp:term":[{"taxonomy":"product_brand","embeddable":true,"href":"https:\/\/eloquent-sinoussi.92-119-49-55.plesk.page\/index.php?rest_route=%2Fwp%2Fv2%2Fproduct_brand&post=1713"},{"taxonomy":"product_cat","embeddable":true,"href":"https:\/\/eloquent-sinoussi.92-119-49-55.plesk.page\/index.php?rest_route=%2Fwp%2Fv2%2Fproduct_cat&post=1713"},{"taxonomy":"product_tag","embeddable":true,"href":"https:\/\/eloquent-sinoussi.92-119-49-55.plesk.page\/index.php?rest_route=%2Fwp%2Fv2%2Fproduct_tag&post=1713"}],"curies":[{"name":"wp","href":"https:\/\/api.w.org\/{rel}","templated":true}]}}