{"id":1357,"date":"2017-10-06T07:04:04","date_gmt":"2017-10-06T05:04:04","guid":{"rendered":"https:\/\/eloquent-sinoussi.92-119-49-55.plesk.page\/?post_type=product&#038;p=1357"},"modified":"2025-02-07T10:38:31","modified_gmt":"2025-02-07T08:38:31","slug":"miele-millefiori-scuro-italiano","status":"publish","type":"product","link":"https:\/\/eloquent-sinoussi.92-119-49-55.plesk.page\/?product=miele-millefiori-scuro-italiano","title":{"rendered":"Miele Millefiori scuro | Apicoltura Scoiattolo Rosso"},"content":{"rendered":"<h2>Miele millefiori scuro | Apicoltura Scoiattolo Rosso<\/h2>\n<p>Il <strong>miele millefiori<\/strong>, come dice il nome stesso, \u00e8 prodotto con diverse variet\u00e0 di fiori. \u00c8 unico nel suo genere, nonostante sia il pi\u00f9 diffuso e conosciuto tra i <strong>mieli naturali italiani<\/strong>.<\/p>\n<h3>Le caratteristiche del miele millefiori<\/h3>\n<p>Avendo in s\u00e9 le propriet\u00e0 di svariate piante, le sue <strong>caratteristiche organolettiche<\/strong>, come profumi e sapori, sono diverse a seconda della zona di raccolta. Per esempio, un miele di alta montagna, dove la flora alpina \u00e8 predominante, pu\u00f2 avere sentori di <a href=\"https:\/\/it.wikipedia.org\/wiki\/Rhododendron\" target=\"_blank\" rel=\"noopener\">rododendro<\/a>; in zone mediterranee, invece,\u00a0pu\u00f2 ricordare il profumo del cardo.<\/p>\n<p>Ve ne sono essenzialmente di due variet\u00e0: quello chiaro e trasparente, pi\u00f9 delicato e dolce, dal sapore meno intenso, oppure il <strong>miele millefiori<\/strong> <strong>scuro <\/strong>o ambrato, che ha un sapore pi\u00f9 deciso e ricorda la melata. L&#8217;<strong>apicoltura Scoiattolo Rosso<\/strong> produce questa seconda variet\u00e0.<\/p>\n<h3>Propriet\u00e0 e benefici<\/h3>\n<p>In linea generale, i <strong>principi attivi del miele millefiori<\/strong> sono maggiori rispetto agli altri mieli, poich\u00e9 \u00e8 ricco di pollini di provenienza diversa. Infatti, contiene molti minerali e antiossidanti. Per questo motivo \u00e8 ottimo per i bambini e per tutti coloro che devono ritrovare l&#8217;energia o depurare l&#8217;organismo, grazie alla sua <strong>funzione stimolante e regolatrice<\/strong>.<\/p>\n<p>Coadiuvante negli stati influenzali, il <strong>miele millefiori<\/strong> \u00e8 un ottimo aiuto contro la tosse, grazie alla sua <strong>funzione antibatterica<\/strong>.<\/p>\n","protected":false},"excerpt":{"rendered":"<p>Produciamo il nostro <strong>miele millefiori scuro <\/strong>in estate, in una zona tra le Langhe piemontesi e le Alpi Marittime, nei comuni di Roddino, Bossolasco e Cissone (CN). Grazie a questo ambiente,\u00a0esprime al meglio tutte le sue caratteristiche organolettiche: i profumi, il colore, la densit\u00e0 e il sapore intenso e deciso.<\/p>\n<p><strong>Perch\u00e9 \u00e8 scuro<\/strong>? Non utilizziamo additivi, n\u00e9 processi di lavorazione particolari. Semplicemente sono le api a scegliere da quali fiori estrarre il nettare. Nella zona in cui si trovano gli apiari sono presenti piante di ciliegio e tarassaco, responsabili della colorazione.<br \/>\nQuesto per noi significa <strong>proteggere la biodiversit\u00e0<\/strong> e <strong>rispettare la <a href=\"https:\/\/eloquent-sinoussi.92-119-49-55.plesk.page\/azienda-agricola-sostenibile-scoiattolo\/\" target=\"_blank\" rel=\"noopener\">sostenibilit\u00e0<\/a><\/strong>: siamo noi a dover seguire le regole della natura, non viceversa.<\/p>\n<p>Grazie alla sua funzione stimolante e regolatrice \u00e8 ottimo per la <strong>depurazione dell&#8217;organismo<\/strong> e per ristabilire i corretti livelli di energia. La funzione antibatterica, invece, lo rende l&#8217;<strong>alleato perfetto nei periodi influenzali<\/strong>, per rialzare le difese immunitarie e <strong>combattere la tosse<\/strong>, anche nei bambini.<\/p>\n<p>\u00c8 disponibile in due formati diversi:<\/p>\n<ul>\n<li><strong>Barattolo da 500g: 7,5 <\/strong>\u00a0\u20ac<\/li>\n<li><strong>Barattolo da 1kg: 14 <\/strong>\u20ac<\/li>\n<\/ul>\n","protected":false},"featured_media":10991,"comment_status":"open","ping_status":"closed","template":"","meta":[],"product_brand":[],"product_cat":[28],"product_tag":[40,41],"class_list":{"0":"post-1357","1":"product","2":"type-product","3":"status-publish","4":"has-post-thumbnail","6":"product_cat-miele-naturale-italiano","7":"product_tag-miele-italiano","8":"product_tag-miele-naturale","9":"product_shipping_class-iva-22","11":"first","12":"instock","13":"taxable","14":"shipping-taxable","15":"purchasable","16":"product-type-variable","17":"has-default-attributes"},"_links":{"self":[{"href":"https:\/\/eloquent-sinoussi.92-119-49-55.plesk.page\/index.php?rest_route=\/wp\/v2\/product\/1357","targetHints":{"allow":["GET"]}}],"collection":[{"href":"https:\/\/eloquent-sinoussi.92-119-49-55.plesk.page\/index.php?rest_route=\/wp\/v2\/product"}],"about":[{"href":"https:\/\/eloquent-sinoussi.92-119-49-55.plesk.page\/index.php?rest_route=\/wp\/v2\/types\/product"}],"replies":[{"embeddable":true,"href":"https:\/\/eloquent-sinoussi.92-119-49-55.plesk.page\/index.php?rest_route=%2Fwp%2Fv2%2Fcomments&post=1357"}],"wp:featuredmedia":[{"embeddable":true,"href":"https:\/\/eloquent-sinoussi.92-119-49-55.plesk.page\/index.php?rest_route=\/wp\/v2\/media\/10991"}],"wp:attachment":[{"href":"https:\/\/eloquent-sinoussi.92-119-49-55.plesk.page\/index.php?rest_route=%2Fwp%2Fv2%2Fmedia&parent=1357"}],"wp:term":[{"taxonomy":"product_brand","embeddable":true,"href":"https:\/\/eloquent-sinoussi.92-119-49-55.plesk.page\/index.php?rest_route=%2Fwp%2Fv2%2Fproduct_brand&post=1357"},{"taxonomy":"product_cat","embeddable":true,"href":"https:\/\/eloquent-sinoussi.92-119-49-55.plesk.page\/index.php?rest_route=%2Fwp%2Fv2%2Fproduct_cat&post=1357"},{"taxonomy":"product_tag","embeddable":true,"href":"https:\/\/eloquent-sinoussi.92-119-49-55.plesk.page\/index.php?rest_route=%2Fwp%2Fv2%2Fproduct_tag&post=1357"}],"curies":[{"name":"wp","href":"https:\/\/api.w.org\/{rel}","templated":true}]}}